{"id":12,"date":"2016-02-09T14:42:03","date_gmt":"2016-02-09T13:42:03","guid":{"rendered":"http:\/\/www.taxi-prestige.com\/courchevel\/?page_id=12"},"modified":"2017-04-13T09:14:54","modified_gmt":"2017-04-13T08:14:54","slug":"excursions-auto-moto","status":"publish","type":"page","link":"http:\/\/www.taxi-prestige.com\/courchevel\/excursions-auto-moto\/","title":{"rendered":"Excursions auto-moto"},"content":{"rendered":"<p>L&rsquo;\u00e9t\u00e9 et en inter-saisons, Taxi Prestige des Neiges vous propose des excursions auto ou moto pour vous rendre sur les lieux de votre choix.<\/p>\n<p>N&rsquo;h\u00e9sitez pas \u00e0 <a href=\"http:\/\/www.taxi-prestige.com\/courchevel\/contact\/\">nous contacter<\/a> pour en savoir plus.<\/p>\n<p><a href=\"http:\/\/www.taxi-prestige.com\/courchevel\/wp-content\/uploads\/2016\/02\/excursions-auto-moto.jpg\"><img loading=\"lazy\" decoding=\"async\" class=\"aligncenter size-full wp-image-119\" src=\"http:\/\/www.taxi-prestige.com\/courchevel\/wp-content\/uploads\/2016\/02\/excursions-auto-moto.jpg\" alt=\"excursions-auto-moto\" width=\"800\" height=\"505\" srcset=\"http:\/\/www.taxi-prestige.com\/courchevel\/wp-content\/uploads\/2016\/02\/excursions-auto-moto.jpg 800w, http:\/\/www.taxi-prestige.com\/courchevel\/wp-content\/uploads\/2016\/02\/excursions-auto-moto-300x189.jpg 300w, http:\/\/www.taxi-prestige.com\/courchevel\/wp-content\/uploads\/2016\/02\/excursions-auto-moto-768x485.jpg 768w\" sizes=\"(max-width: 800px) 85vw, 800px\" \/><\/a><\/p>\n<p><em><strong>T\u00e9moignage client :<\/strong><\/em><\/p>\n<p style=\"padding-left: 30px;\"><em>\u00ab\u00a0Je n&rsquo;ai pas la belle plume n&rsquo;y l&rsquo;\u00e2me d&rsquo;une artiste pour dire \u00f4 combien j&rsquo;ai appr\u00e9ci\u00e9 la sortie moto au Col de l&rsquo;Iseran, Bonneval, l&rsquo;Ecot (magnifique village), Bramans&#8230; Mais vraiment je souhaite \u00e0 tous les amoureux de la nature, aux amateurs de photos, aux baroudeurs en moto et bien d&rsquo;autres encore de croiser la route de Richard, un homme g\u00e9n\u00e9reux, passionn\u00e9 de la vie comme il y en a si peu. Alors que dire d&rsquo;autre qu&rsquo;un grand merci \u00e0 toi, et j&rsquo;esp\u00e8re croiser \u00e0 nouveau ton chemin&#8230;\u00a0\u00bb<\/em><\/p>\n<p>&nbsp;<\/p>\n","protected":false},"excerpt":{"rendered":"<p>L&rsquo;\u00e9t\u00e9 et en inter-saisons, Taxi Prestige des Neiges vous propose des excursions auto ou moto pour vous rendre sur les lieux de votre choix. N&rsquo;h\u00e9sitez pas \u00e0 nous contacter pour en savoir plus. T\u00e9moignage client : \u00ab\u00a0Je n&rsquo;ai pas la belle plume n&rsquo;y l&rsquo;\u00e2me d&rsquo;une artiste pour dire \u00f4 combien j&rsquo;ai appr\u00e9ci\u00e9 la sortie moto &hellip; <a href=\"http:\/\/www.taxi-prestige.com\/courchevel\/excursions-auto-moto\/\" class=\"more-link\">Continue reading<span class=\"screen-reader-text\"> \u00ab\u00a0Excursions auto-moto\u00a0\u00bb<\/span><\/a><\/p>\n","protected":false},"author":1,"featured_media":0,"parent":0,"menu_order":0,"comment_status":"closed","ping_status":"closed","template":"","meta":{"_acf_changed":false,"footnotes":"","_links_to":"","_links_to_target":""},"class_list":["post-12","page","type-page","status-publish","hentry"],"acf":[],"_links":{"self":[{"href":"http:\/\/www.taxi-prestige.com\/courchevel\/wp-json\/wp\/v2\/pages\/12"}],"collection":[{"href":"http:\/\/www.taxi-prestige.com\/courchevel\/wp-json\/wp\/v2\/pages"}],"about":[{"href":"http:\/\/www.taxi-prestige.com\/courchevel\/wp-json\/wp\/v2\/types\/page"}],"author":[{"embeddable":true,"href":"http:\/\/www.taxi-prestige.com\/courchevel\/wp-json\/wp\/v2\/users\/1"}],"replies":[{"embeddable":true,"href":"http:\/\/www.taxi-prestige.com\/courchevel\/wp-json\/wp\/v2\/comments?post=12"}],"version-history":[{"count":7,"href":"http:\/\/www.taxi-prestige.com\/courchevel\/wp-json\/wp\/v2\/pages\/12\/revisions"}],"predecessor-version":[{"id":156,"href":"http:\/\/www.taxi-prestige.com\/courchevel\/wp-json\/wp\/v2\/pages\/12\/revisions\/156"}],"wp:attachment":[{"href":"http:\/\/www.taxi-prestige.com\/courchevel\/wp-json\/wp\/v2\/media?parent=12"}],"curies":[{"name":"wp","href":"https:\/\/api.w.org\/{rel}","templated":true}]}}