{"id":44,"date":"2016-02-11T11:31:23","date_gmt":"2016-02-11T10:31:23","guid":{"rendered":"http:\/\/www.taxi-prestige.com\/courchevel\/?page_id=44"},"modified":"2016-06-13T14:26:32","modified_gmt":"2016-06-13T13:26:32","slug":"transport-medical","status":"publish","type":"page","link":"http:\/\/www.taxi-prestige.com\/courchevel\/transport-medical\/","title":{"rendered":"Transport M\u00e9dical"},"content":{"rendered":"<p>Nous sommes conventionn\u00e9s pour transporter tout type de client\u00e8le. Nous avons \u00e9galement un v\u00e9hicule adapt\u00e9 pour personnes \u00e0 mobilit\u00e9s r\u00e9duites.<\/p>\n<p>Taxi Prestige des Neiges reste \u00e0 votre service pour :<\/p>\n<ul>\n<li>Tout aller\u00ad-retour hospitaliers (traitement de longue dur\u00e9e n\u00e9cessitant plusieurs voyages par semaine) &#8211; Dialyse, rayons, chimioth\u00e9rapie&#8230;<\/li>\n<li>Tous rapatriements de Courchevel vers toutes destinations&#8230;<\/li>\n<li>Toutes assistances (Europe assistance \u2013 Save assistance&#8230;), allant d&rsquo;une panne \u00e0 un d\u00e9placement hospitalier ou a\u00e9roport.<\/li>\n<\/ul>\n","protected":false},"excerpt":{"rendered":"<p>Nous sommes conventionn\u00e9s pour transporter tout type de client\u00e8le. Nous avons \u00e9galement un v\u00e9hicule adapt\u00e9 pour personnes \u00e0 mobilit\u00e9s r\u00e9duites. Taxi Prestige des Neiges reste \u00e0 votre service pour : Tout aller\u00ad-retour hospitaliers (traitement de longue dur\u00e9e n\u00e9cessitant plusieurs voyages par semaine) &#8211; Dialyse, rayons, chimioth\u00e9rapie&#8230; Tous rapatriements de Courchevel vers toutes destinations&#8230; Toutes assistances &hellip; <a href=\"http:\/\/www.taxi-prestige.com\/courchevel\/transport-medical\/\" class=\"more-link\">Continue reading<span class=\"screen-reader-text\"> \u00ab\u00a0Transport M\u00e9dical\u00a0\u00bb<\/span><\/a><\/p>\n","protected":false},"author":1,"featured_media":0,"parent":0,"menu_order":0,"comment_status":"closed","ping_status":"closed","template":"","meta":{"_acf_changed":false,"footnotes":"","_links_to":"","_links_to_target":""},"class_list":["post-44","page","type-page","status-publish","hentry"],"acf":[],"_links":{"self":[{"href":"http:\/\/www.taxi-prestige.com\/courchevel\/wp-json\/wp\/v2\/pages\/44"}],"collection":[{"href":"http:\/\/www.taxi-prestige.com\/courchevel\/wp-json\/wp\/v2\/pages"}],"about":[{"href":"http:\/\/www.taxi-prestige.com\/courchevel\/wp-json\/wp\/v2\/types\/page"}],"author":[{"embeddable":true,"href":"http:\/\/www.taxi-prestige.com\/courchevel\/wp-json\/wp\/v2\/users\/1"}],"replies":[{"embeddable":true,"href":"http:\/\/www.taxi-prestige.com\/courchevel\/wp-json\/wp\/v2\/comments?post=44"}],"version-history":[{"count":2,"href":"http:\/\/www.taxi-prestige.com\/courchevel\/wp-json\/wp\/v2\/pages\/44\/revisions"}],"predecessor-version":[{"id":69,"href":"http:\/\/www.taxi-prestige.com\/courchevel\/wp-json\/wp\/v2\/pages\/44\/revisions\/69"}],"wp:attachment":[{"href":"http:\/\/www.taxi-prestige.com\/courchevel\/wp-json\/wp\/v2\/media?parent=44"}],"curies":[{"name":"wp","href":"https:\/\/api.w.org\/{rel}","templated":true}]}}