{"id":50,"date":"2016-02-11T11:32:14","date_gmt":"2016-02-11T10:32:14","guid":{"rendered":"http:\/\/www.taxi-prestige.com\/courchevel\/?page_id=50"},"modified":"2016-06-13T15:34:02","modified_gmt":"2016-06-13T14:34:02","slug":"toutes-stations","status":"publish","type":"page","link":"http:\/\/www.taxi-prestige.com\/courchevel\/toutes-stations\/","title":{"rendered":"Toutes Stations"},"content":{"rendered":"<h4>\u00c9VASION A LA CARTE<\/h4>\n<p>Des nouvelles glisses sur l&rsquo;ensemble du domaine skiable alpin, du ski sans fronti\u00e8re \u00e0 l&rsquo;aventure des glaciers par d\u00e9pose-\u00adh\u00e9licopt\u00e8re&#8230;<\/p>\n<p>A votre disposition sur tous les niveaux de Courchevel ainsi que sur toutes les stations de Tarentaise.<\/p>\n<p>&nbsp;<\/p>\n<p>TAXI PRESTIGE DES NEIGES, reste \u00e0 votre disposition pour :<\/p>\n<ul>\n<li>Tous d\u00e9placements hebdomadaires de Courchevel vers toutes destinations choisies..<\/li>\n<li>Pour tous voyages inter\u00adstations (France, continent europ\u00e9en, Suisse, Italie&#8230; De Courchevel \u00e0 Zermatt ou Cran Montana, de Courchevel \u00e0 Verbier, Cortina d&rsquo;Ampezzo ou Breuil de Cervinia&#8230;)<\/li>\n<li>Pour tous besoins de d\u00e9placements pour congr\u00e8s et s\u00e9minaires&#8230; (int\u00e9rieurs et ext\u00e9rieurs \u00e0 la station)<\/li>\n<\/ul>\n","protected":false},"excerpt":{"rendered":"<p>\u00c9VASION A LA CARTE Des nouvelles glisses sur l&rsquo;ensemble du domaine skiable alpin, du ski sans fronti\u00e8re \u00e0 l&rsquo;aventure des glaciers par d\u00e9pose-\u00adh\u00e9licopt\u00e8re&#8230; A votre disposition sur tous les niveaux de Courchevel ainsi que sur toutes les stations de Tarentaise. &nbsp; TAXI PRESTIGE DES NEIGES, reste \u00e0 votre disposition pour : Tous d\u00e9placements hebdomadaires de &hellip; <a href=\"http:\/\/www.taxi-prestige.com\/courchevel\/toutes-stations\/\" class=\"more-link\">Continue reading<span class=\"screen-reader-text\"> \u00ab\u00a0Toutes Stations\u00a0\u00bb<\/span><\/a><\/p>\n","protected":false},"author":1,"featured_media":0,"parent":0,"menu_order":0,"comment_status":"closed","ping_status":"closed","template":"","meta":{"_acf_changed":false,"footnotes":"","_links_to":"","_links_to_target":""},"class_list":["post-50","page","type-page","status-publish","hentry"],"acf":[],"_links":{"self":[{"href":"http:\/\/www.taxi-prestige.com\/courchevel\/wp-json\/wp\/v2\/pages\/50"}],"collection":[{"href":"http:\/\/www.taxi-prestige.com\/courchevel\/wp-json\/wp\/v2\/pages"}],"about":[{"href":"http:\/\/www.taxi-prestige.com\/courchevel\/wp-json\/wp\/v2\/types\/page"}],"author":[{"embeddable":true,"href":"http:\/\/www.taxi-prestige.com\/courchevel\/wp-json\/wp\/v2\/users\/1"}],"replies":[{"embeddable":true,"href":"http:\/\/www.taxi-prestige.com\/courchevel\/wp-json\/wp\/v2\/comments?post=50"}],"version-history":[{"count":4,"href":"http:\/\/www.taxi-prestige.com\/courchevel\/wp-json\/wp\/v2\/pages\/50\/revisions"}],"predecessor-version":[{"id":99,"href":"http:\/\/www.taxi-prestige.com\/courchevel\/wp-json\/wp\/v2\/pages\/50\/revisions\/99"}],"wp:attachment":[{"href":"http:\/\/www.taxi-prestige.com\/courchevel\/wp-json\/wp\/v2\/media?parent=50"}],"curies":[{"name":"wp","href":"https:\/\/api.w.org\/{rel}","templated":true}]}}